{"id":6718,"date":"2022-09-05T02:21:32","date_gmt":"2022-09-04T19:21:32","guid":{"rendered":"https:\/\/chilinhgolf.com\/%ea%b0%80%ea%b2%a9%ed%91%9c-%eb%b0%8f-%ed%94%84%eb%a1%9c%eb%aa%a8%ec%85%98"},"modified":"2025-06-02T00:25:48","modified_gmt":"2025-06-01T17:25:48","slug":"golf-rates-promotion-ko","status":"publish","type":"page","link":"https:\/\/chilinhgolf.com\/ko\/golf-rates-promotion-ko","title":{"rendered":"Golf rates &#038; Promotion-KO"},"content":{"rendered":"\t\t<div data-elementor-type=\"wp-page\" data-elementor-id=\"6718\" class=\"elementor elementor-6718 elementor-525\" data-elementor-post-type=\"page\">\n\t\t\t\t\t\t<section class=\"wd-negative-gap elementor-section elementor-top-section elementor-element elementor-element-1083bcf elementor-section-height-min-height elementor-section-items-bottom wd-section-stretch elementor-section-boxed elementor-section-height-default\" data-id=\"1083bcf\" data-element_type=\"section\" data-e-type=\"section\" data-settings=\"{&quot;background_background&quot;:&quot;classic&quot;}\">\n\t\t\t\t\t\t\t<div class=\"elementor-background-overlay\"><\/div>\n\t\t\t\t\t\t\t<div class=\"elementor-container elementor-column-gap-default\">\n\t\t\t\t\t<div class=\"elementor-column elementor-col-100 elementor-top-column elementor-element elementor-element-ab24b63\" data-id=\"ab24b63\" data-element_type=\"column\" data-e-type=\"column\">\n\t\t\t<div class=\"elementor-widget-wrap elementor-element-populated\">\n\t\t\t\t\t\t<div class=\"elementor-element elementor-element-0a2b4e4 elementor-widget elementor-widget-heading\" data-id=\"0a2b4e4\" data-element_type=\"widget\" data-e-type=\"widget\" data-widget_type=\"heading.default\">\n\t\t\t\t<div class=\"elementor-widget-container\">\n\t\t\t\t\t<h2 class=\"elementor-heading-title elementor-size-default\">\uac00\uaca9\ud45c \ubc0f <br>\ud504\ub85c\ubaa8\uc158<\/h2>\t\t\t\t<\/div>\n\t\t\t\t<\/div>\n\t\t\t\t\t<\/div>\n\t\t<\/div>\n\t\t\t\t\t<\/div>\n\t\t<\/section>\n\t\t\t\t<section class=\"wd-negative-gap elementor-section elementor-top-section elementor-element elementor-element-0c8106f elementor-section-boxed elementor-section-height-default elementor-section-height-default\" data-id=\"0c8106f\" data-element_type=\"section\" data-e-type=\"section\">\n\t\t\t\t\t\t<div class=\"elementor-container elementor-column-gap-default\">\n\t\t\t\t\t<div class=\"elementor-column elementor-col-100 elementor-top-column elementor-element elementor-element-d90b7ff\" data-id=\"d90b7ff\" data-element_type=\"column\" data-e-type=\"column\">\n\t\t\t<div class=\"elementor-widget-wrap elementor-element-populated\">\n\t\t\t\t\t\t<div class=\"elementor-element elementor-element-ae4d6d5 elementor-widget elementor-widget-heading\" data-id=\"ae4d6d5\" data-element_type=\"widget\" data-e-type=\"widget\" data-widget_type=\"heading.default\">\n\t\t\t\t<div class=\"elementor-widget-container\">\n\t\t\t\t\t<h2 class=\"elementor-heading-title elementor-size-default\">\uac00\uaca9<\/h2>\t\t\t\t<\/div>\n\t\t\t\t<\/div>\n\t\t\t\t<div class=\"elementor-element elementor-element-73a4b2a elementor-hidden-mobile elementor-widget elementor-widget-html\" data-id=\"73a4b2a\" data-element_type=\"widget\" data-e-type=\"widget\" data-widget_type=\"html.default\">\n\t\t\t\t<div class=\"elementor-widget-container\">\n\t\t\t\t\t<table>\n    <thead>\n        <tr style=\"font-weight:bold;background-color:#2b4f4b;color:white\">\n            <td>\uc6d4~\uae08<\/td>\n            <td>9\ud640<\/td>\n            <td>18 \ud640<\/td>\n            <td>27 \ud640<\/td>\n            <td>36 \ud640<\/td>\n        <\/tr>\n    <\/thead>\n    <tbody>\n        <tr>\n            <td><strong>\ud68c\uc6d0<\/strong><\/td>\n            <td>700.000 VN\u0110<\/td>\n            <td>1.000.000 VN\u0110<\/td>\n            <td>1.500.000 VN\u0110<\/td>\n            <td>2.000.000 VN\u0110<\/td>\n        <\/tr>\n        <tr>\n            <td><strong>\ud68c\uc6d0\uc758 \uc190\ub2d8<\/strong><\/td>\n            <td>1.260.000 VN\u0110<\/td>\n            <td>1.800.000 VN\u0110<\/td>\n            <td>2.700,000 VN\u0110<\/td>\n            <td>3.600.000 VN\u0110<\/td>\n        <\/tr>\n        <tr>\n            <td><strong>\ubc29\ubb38\uac1d<\/strong><\/td>\n            <td>1.750.000 VN\u0110<\/td>\n            <td>2.500.000 VN\u0110<\/td>\n            <td>3.750.000 VN\u0110<\/td>\n            <td>5.000.000 VN\u0110<\/td>\n        <\/tr>\n        <tr>\n            <td><strong>\uace8\ud504 \uce74\ud2b8<\/strong><\/td>\n            <td>280.000 VN\u0110<\/td>\n            <td>400.000 VN\u0110<\/td>\n            <td>600.000 VN\u0110<\/td>\n            <td>800.000 VN\u0110<\/td>\n        <\/tr>\n         <tr>\n            <td><strong>\uc7a5\ubc14\uad6c\ub2c8 \ucd94\uac00\uc694\uae08<\/strong><\/td>\n            <td>140.000 VN\u0110<\/td>\n            <td>200.000 VN\u0110<\/td>\n            <td>300.000 VN\u0110<\/td>\n            <td>400.000 VN\u0110<\/td>\n        <\/tr>\n    <\/tbody>\n<\/table>\t\t\t\t<\/div>\n\t\t\t\t<\/div>\n\t\t\t\t<div class=\"elementor-element elementor-element-e4d0f83 elementor-hidden-mobile elementor-widget elementor-widget-html\" data-id=\"e4d0f83\" data-element_type=\"widget\" data-e-type=\"widget\" data-widget_type=\"html.default\">\n\t\t\t\t<div class=\"elementor-widget-container\">\n\t\t\t\t\t<table>\n    <thead>\n        <tr style=\"font-weight:bold;background-color:#2b4f4b;color:white\">\n            <td>\uc8fc\ub9d0 - \uacf5\ud734\uc77c<\/td>\n            <td>9\ud640<\/td>\n            <td>18 \ud640<\/td>\n            <td>27 \ud640<\/td>\n            <td>36 \ud640<\/td>\n        <\/tr>\n    <\/thead>\n    <tbody>\n        <tr>\n            <td><strong>\ud68c\uc6d0<\/strong><\/td>\n            <td>700.000 VN\u0110<\/td>\n            <td>1.000.000 VN\u0110<\/td>\n            <td>1.500.000 VN\u0110<\/td>\n            <td>2.000.000 VN\u0110<\/td>\n        <\/tr>\n        <tr>\n            <td><strong>\ud68c\uc6d0\uc758 \uc190\ub2d8<\/strong><\/td>\n            <td>1.995.000 VN\u0110<\/td>\n            <td>2.850.000 VN\u0110<\/td>\n            <td>4.275.000 VN\u0110<\/td>\n            <td>5.700.000 VN\u0110<\/td>\n        <\/tr>\n        <tr>\n            <td><strong>\ubc29\ubb38\uac1d<\/strong><\/td>\n            <td>2.520.000 VN\u0110<\/td>\n            <td>3.600.000 VN\u0110<\/td>\n            <td>5.400.000 VN\u0110<\/td>\n            <td>7.200.000 VN\u0110<\/td>\n        <\/tr>\n        <tr>\n            <td><strong>\uace8\ud504 \uce74\ud2b8<\/strong><\/td>\n            <td>280.000 VN\u0110<\/td>\n            <td>400.000 VN\u0110<\/td>\n            <td>600.000 VN\u0110<\/td>\n            <td>800.000 VN\u0110<\/td>\n        <\/tr>\n           <tr>\n            <td><strong>\uc7a5\ubc14\uad6c\ub2c8 \ucd94\uac00\uc694\uae08<\/strong><\/td>\n            <td>140.000 VN\u0110<\/td>\n            <td>200.000 VN\u0110<\/td>\n            <td>300.000 VN\u0110<\/td>\n            <td>400.000 VN\u0110<\/td>\n        <\/tr>\n    <\/tbody>\n<\/table>\t\t\t\t<\/div>\n\t\t\t\t<\/div>\n\t\t\t\t<div class=\"elementor-element elementor-element-0e6ad8c elementor-hidden-widescreen elementor-hidden-desktop elementor-hidden-laptop elementor-hidden-tablet_extra elementor-hidden-tablet elementor-hidden-mobile_extra color-scheme-inherit text-left elementor-widget elementor-widget-text-editor\" data-id=\"0e6ad8c\" data-element_type=\"widget\" data-e-type=\"widget\" data-widget_type=\"text-editor.default\">\n\t\t\t\t<div class=\"elementor-widget-container\">\n\t\t\t\t\t\t\t\t\t<p style=\"text-align: right;\">\ud1b5\ud654: VN\u0110<\/p>\n\t\t\t\t\t\t\t\t<\/div>\n\t\t\t\t<\/div>\n\t\t\t\t<div class=\"elementor-element elementor-element-007ded0 elementor-hidden-widescreen elementor-hidden-desktop elementor-hidden-laptop elementor-hidden-tablet_extra elementor-hidden-tablet elementor-hidden-mobile_extra elementor-widget elementor-widget-image\" data-id=\"007ded0\" data-element_type=\"widget\" data-e-type=\"widget\" data-widget_type=\"image.default\">\n\t\t\t\t<div class=\"elementor-widget-container\">\n\t\t\t\t\t\t\t\t\t\t\t\t\t\t\t<img loading=\"lazy\" decoding=\"async\" width=\"1125\" height=\"1868\" src=\"https:\/\/chilinhgolf.com\/wp-content\/uploads\/2024\/01\/Bang-gia-Mobile-kr-01.svg\" class=\"attachment-full size-full wp-image-9002\" alt=\"\" \/>\t\t\t\t\t\t\t\t\t\t\t\t\t\t\t<\/div>\n\t\t\t\t<\/div>\n\t\t\t\t<div class=\"elementor-element elementor-element-e8ee7bf color-scheme-inherit text-left elementor-widget elementor-widget-text-editor\" data-id=\"e8ee7bf\" data-element_type=\"widget\" data-e-type=\"widget\" data-widget_type=\"text-editor.default\">\n\t\t\t\t<div class=\"elementor-widget-container\">\n\t\t\t\t\t\t\t\t\t<p>2024\ub144 1\uc6d4 1\uc77c\ubd80\ud130 \uc801\uc6a9<\/p>\t\t\t\t\t\t\t\t<\/div>\n\t\t\t\t<\/div>\n\t\t\t\t<section class=\"wd-negative-gap elementor-section elementor-inner-section elementor-element elementor-element-9db1ecb elementor-section-boxed elementor-section-height-default elementor-section-height-default\" data-id=\"9db1ecb\" data-element_type=\"section\" data-e-type=\"section\">\n\t\t\t\t\t\t<div class=\"elementor-container elementor-column-gap-default\">\n\t\t\t\t\t<div class=\"elementor-column elementor-col-50 elementor-inner-column elementor-element elementor-element-c033aeb\" data-id=\"c033aeb\" data-element_type=\"column\" data-e-type=\"column\">\n\t\t\t<div class=\"elementor-widget-wrap elementor-element-populated\">\n\t\t\t\t\t\t<div class=\"elementor-element elementor-element-c691d4c color-scheme-inherit text-left elementor-widget elementor-widget-text-editor\" data-id=\"c691d4c\" data-element_type=\"widget\" data-e-type=\"widget\" data-widget_type=\"text-editor.default\">\n\t\t\t\t<div class=\"elementor-widget-container\">\n\t\t\t\t\t\t\t\t\t<ul><li>\ubaa8\ub4e0 \ube44\uc6a9\uc5d0\ub294 \uadf8\ub9b0\ud53c, \uce90\ub514\ud53c, \uce74\ud2b8\ud53c 1\/2\ud53c, \ubd80\uac00\uc138(VAT)\uac00 \ud3ec\ud568\ub418\uc5b4 \uc788\uc2b5\ub2c8\ub2e4.<\/li><li>\uc608\uc57d \uce90\ub514(\ud544\uc694\ud55c \uacbd\uc6b0): 200,000 VND\/\uc778.<\/li><li>\uace8\ud37c\ub294 \uc790\uc2e0\ub9cc\uc758 \uace8\ud504 \ud074\ub7fd \uc138\ud2b8\ub97c \uac00\uc9c0\uace0 \uc788\uc5b4\uc57c \ud569\ub2c8\ub2e4.<\/li><\/ul>\t\t\t\t\t\t\t\t<\/div>\n\t\t\t\t<\/div>\n\t\t\t\t\t<\/div>\n\t\t<\/div>\n\t\t\t\t<div class=\"elementor-column elementor-col-50 elementor-inner-column elementor-element elementor-element-5bd54c7\" data-id=\"5bd54c7\" data-element_type=\"column\" data-e-type=\"column\">\n\t\t\t<div class=\"elementor-widget-wrap elementor-element-populated\">\n\t\t\t\t\t\t<div class=\"elementor-element elementor-element-e3b62d4 color-scheme-inherit text-left elementor-widget elementor-widget-text-editor\" data-id=\"e3b62d4\" data-element_type=\"widget\" data-e-type=\"widget\" data-widget_type=\"text-editor.default\">\n\t\t\t\t<div class=\"elementor-widget-container\">\n\t\t\t\t\t\t\t\t\t<ul><li>\ud68c\uc6d0\uc744 \ub3d9\ubc18\ud558\ub294 \ucd5c\ub300 3\uba85\uc758 \ub3d9\ubc18\uc790\uc5d0\uac8c\ub294 \ud68c\uc6d0 \ub3d9\ubc18\uc790\uac00 \ubd80\uacfc\ub429\ub2c8\ub2e4.<\/li><li>\uace0\uac1d\uc774 \ucf54\uc2a4\uc5d0\uc11c 9\ud640\uc744 \ucc28\uc9c0\ud55c \uacbd\uc6b0\uc5d0\ub294 \uc774\ubbf8 \uc801\uc6a9\ub41c \uc0ac\uc6a9\ub8cc\uc5d0 \ub530\ub77c 9\ud640(18\ud640\uc758 50%)\uc744 \uc801\uc6a9\ud569\ub2c8\ub2e4.<\/li><li>\uace0\uac1d\uc740 \uc608\uc57d\ud55c \ud640 \uc218\uc5d0 \ub530\ub77c \ube44\uc6a9\uc744 \uc9c0\ubd88\ud574\uc57c \ud558\uba70, \uc2e4\uc81c \ud50c\ub808\uc774\ud55c \ud640 \uc218\uc5d0 \ub530\ub77c \uc801\uc6a9\ub418\uc9c0 \uc54a\uc2b5\ub2c8\ub2e4(\uacc4\uc18d \ud50c\ub808\uc774\ud560 \uc218 \uc5c6\ub294 \ubd88\uac00\ud56d\ub825\uc801\uc778 \uacbd\uc6b0 \uc81c\uc678).<\/li><\/ul>\t\t\t\t\t\t\t\t<\/div>\n\t\t\t\t<\/div>\n\t\t\t\t\t<\/div>\n\t\t<\/div>\n\t\t\t\t\t<\/div>\n\t\t<\/section>\n\t\t\t\t\t<\/div>\n\t\t<\/div>\n\t\t\t\t\t<\/div>\n\t\t<\/section>\n\t\t\t\t<section class=\"wd-negative-gap elementor-section elementor-top-section elementor-element elementor-element-b292cdc elementor-section-boxed elementor-section-height-default elementor-section-height-default\" data-id=\"b292cdc\" data-element_type=\"section\" data-e-type=\"section\">\n\t\t\t\t\t\t<div class=\"elementor-container elementor-column-gap-default\">\n\t\t\t\t\t<div class=\"elementor-column elementor-col-100 elementor-top-column elementor-element elementor-element-6e81586\" data-id=\"6e81586\" data-element_type=\"column\" data-e-type=\"column\">\n\t\t\t<div class=\"elementor-widget-wrap elementor-element-populated\">\n\t\t\t\t\t\t<div class=\"elementor-element elementor-element-da78780 elementor-widget elementor-widget-heading\" data-id=\"da78780\" data-element_type=\"widget\" data-e-type=\"widget\" data-widget_type=\"heading.default\">\n\t\t\t\t<div class=\"elementor-widget-container\">\n\t\t\t\t\t<h2 class=\"elementor-heading-title elementor-size-default\">\ud504\ub85c\ubaa8\uc158<\/h2>\t\t\t\t<\/div>\n\t\t\t\t<\/div>\n\t\t\t\t\t<\/div>\n\t\t<\/div>\n\t\t\t\t\t<\/div>\n\t\t<\/section>\n\t\t\t\t<section class=\"wd-negative-gap elementor-section elementor-top-section elementor-element elementor-element-08fd454 elementor-section-boxed elementor-section-height-default elementor-section-height-default\" data-id=\"08fd454\" data-element_type=\"section\" data-e-type=\"section\">\n\t\t\t\t\t\t<div class=\"elementor-container elementor-column-gap-default\">\n\t\t\t\t\t<div class=\"elementor-column elementor-col-33 elementor-top-column elementor-element elementor-element-9778a08\" data-id=\"9778a08\" data-element_type=\"column\" data-e-type=\"column\">\n\t\t\t<div class=\"elementor-widget-wrap elementor-element-populated\">\n\t\t\t\t\t\t<div class=\"elementor-element elementor-element-a617bb6 elementor-widget elementor-widget-image\" data-id=\"a617bb6\" data-element_type=\"widget\" data-e-type=\"widget\" data-widget_type=\"image.default\">\n\t\t\t\t<div class=\"elementor-widget-container\">\n\t\t\t\t\t\t\t\t\t\t\t\t\t\t\t\t<a href=\"https:\/\/chilinhgolf.com\/swing-in-to-summer-bat-nhip-mua-he-chay-cung-cu-swing.clg\">\n\t\t\t\t\t\t\t<img loading=\"lazy\" decoding=\"async\" width=\"768\" height=\"512\" src=\"https:\/\/chilinhgolf.com\/wp-content\/uploads\/2025\/06\/Chuong-trinh-uu-dai-mua-thap-diem-01.jpg\" class=\"attachment-large size-large wp-image-12448\" alt=\"\" \/>\t\t\t\t\t\t\t\t<\/a>\n\t\t\t\t\t\t\t\t\t\t\t\t\t\t\t<\/div>\n\t\t\t\t<\/div>\n\t\t\t\t<div class=\"elementor-element elementor-element-76f50fd elementor-widget elementor-widget-heading\" data-id=\"76f50fd\" data-element_type=\"widget\" data-e-type=\"widget\" data-widget_type=\"heading.default\">\n\t\t\t\t<div class=\"elementor-widget-container\">\n\t\t\t\t\t<h4 class=\"elementor-heading-title elementor-size-default\"><a href=\"https:\/\/chilinhgolf.com\/swing-in-to-summer-bat-nhip-mua-he-chay-cung-cu-swing.clg\">Swing in to Summer - B\u1eaft nh\u1ecbp m\u00f9a h\u00e8, ch\u00e1y c\u00f9ng c\u00fa Swing<\/a><\/h4>\t\t\t\t<\/div>\n\t\t\t\t<\/div>\n\t\t\t\t<div class=\"elementor-element elementor-element-ebd511d color-scheme-inherit text-left elementor-widget elementor-widget-text-editor\" data-id=\"ebd511d\" data-element_type=\"widget\" data-e-type=\"widget\" data-widget_type=\"text-editor.default\">\n\t\t\t\t<div class=\"elementor-widget-container\">\n\t\t\t\t\t\t\t\t\t<p>M\u1ed7i m\u00f9a h\u00e8 m\u1edf ra m\u1ed9t nh\u1ecbp \u0111i\u1ec7u ri\u00eang \u2013 r\u1ef1c r\u1ee1, h\u1ee9ng kh\u1edfi v\u00e0 \u0111\u1ea7y c\u1ea3m h\u1ee9ng chuy\u1ec3n \u0111\u1ed9ng. T\u1ea1i ChiLinh Golf&#8230;<\/p>\t\t\t\t\t\t\t\t<\/div>\n\t\t\t\t<\/div>\n\t\t\t\t\t<\/div>\n\t\t<\/div>\n\t\t\t\t<div class=\"elementor-column elementor-col-33 elementor-top-column elementor-element elementor-element-a8d6690\" data-id=\"a8d6690\" data-element_type=\"column\" data-e-type=\"column\">\n\t\t\t<div class=\"elementor-widget-wrap elementor-element-populated\">\n\t\t\t\t\t\t<div class=\"elementor-element elementor-element-c62ccd5 elementor-widget elementor-widget-image\" data-id=\"c62ccd5\" data-element_type=\"widget\" data-e-type=\"widget\" data-widget_type=\"image.default\">\n\t\t\t\t<div class=\"elementor-widget-container\">\n\t\t\t\t\t\t\t\t\t\t\t\t\t\t\t\t<a href=\"https:\/\/chilinhgolf.com\/dang-ky-ngay-nhan-voucher-lien-tay-voi-chilinh-golf.clg\">\n\t\t\t\t\t\t\t<img loading=\"lazy\" decoding=\"async\" width=\"768\" height=\"512\" src=\"https:\/\/chilinhgolf.com\/wp-content\/uploads\/2025\/06\/Chuong-trinh-uu-dai-giam-gia-200k-phi-golf.jpg\" class=\"attachment-large size-large wp-image-12438\" alt=\"\" \/>\t\t\t\t\t\t\t\t<\/a>\n\t\t\t\t\t\t\t\t\t\t\t\t\t\t\t<\/div>\n\t\t\t\t<\/div>\n\t\t\t\t<div class=\"elementor-element elementor-element-5a32726 elementor-widget elementor-widget-heading\" data-id=\"5a32726\" data-element_type=\"widget\" data-e-type=\"widget\" data-widget_type=\"heading.default\">\n\t\t\t\t<div class=\"elementor-widget-container\">\n\t\t\t\t\t<h4 class=\"elementor-heading-title elementor-size-default\"><a href=\"https:\/\/chilinhgolf.com\/dang-ky-ngay-nhan-voucher-lien-tay-voi-chilinh-golf.clg\">\u0110\u0103ng k\u00fd ngay, Nh\u1eadn Voucher li\u1ec1n tay v\u1edbi ChiLinh Golf<\/a><\/h4>\t\t\t\t<\/div>\n\t\t\t\t<\/div>\n\t\t\t\t<div class=\"elementor-element elementor-element-485b8ba color-scheme-inherit text-left elementor-widget elementor-widget-text-editor\" data-id=\"485b8ba\" data-element_type=\"widget\" data-e-type=\"widget\" data-widget_type=\"text-editor.default\">\n\t\t\t\t<div class=\"elementor-widget-container\">\n\t\t\t\t\t\t\t\t\t<p>V\u1edbi ChiLinh Golf, m\u1ed7i c\u00fa \u0111\u00e1nh kh\u00f4ng ch\u1ec9 l\u00e0 cu\u1ed9c ch\u01a1i, m\u00e0 c\u00f2n l\u00e0 l\u1eddi m\u1eddi b\u1ea1n quay l\u1ea1i chinh ph\u1ee5c ti\u1ebfp&#8230;<\/p>\t\t\t\t\t\t\t\t<\/div>\n\t\t\t\t<\/div>\n\t\t\t\t\t<\/div>\n\t\t<\/div>\n\t\t\t\t<div class=\"elementor-column elementor-col-33 elementor-top-column elementor-element elementor-element-e6909dc\" data-id=\"e6909dc\" data-element_type=\"column\" data-e-type=\"column\">\n\t\t\t<div class=\"elementor-widget-wrap elementor-element-populated\">\n\t\t\t\t\t\t<div class=\"elementor-element elementor-element-e54270f elementor-widget elementor-widget-image\" data-id=\"e54270f\" data-element_type=\"widget\" data-e-type=\"widget\" data-widget_type=\"image.default\">\n\t\t\t\t<div class=\"elementor-widget-container\">\n\t\t\t\t\t\t\t\t\t\t\t\t\t\t\t\t<a href=\"https:\/\/chilinhgolf.com\/chuong-trinh-uu-dai-chao-mung-ngay-giai-phong-mien-nam-30-4-ngay-quoc-te-lao-dong-1-5.clg\">\n\t\t\t\t\t\t\t<img loading=\"lazy\" decoding=\"async\" width=\"1200\" height=\"800\" src=\"https:\/\/chilinhgolf.com\/wp-content\/uploads\/2025\/04\/Avatar.jpg\" class=\"attachment-large size-large wp-image-12289\" alt=\"\" \/>\t\t\t\t\t\t\t\t<\/a>\n\t\t\t\t\t\t\t\t\t\t\t\t\t\t\t<\/div>\n\t\t\t\t<\/div>\n\t\t\t\t<div class=\"elementor-element elementor-element-d48581a elementor-widget elementor-widget-heading\" data-id=\"d48581a\" data-element_type=\"widget\" data-e-type=\"widget\" data-widget_type=\"heading.default\">\n\t\t\t\t<div class=\"elementor-widget-container\">\n\t\t\t\t\t<h4 class=\"elementor-heading-title elementor-size-default\"><a href=\"https:\/\/chilinhgolf.com\/chuong-trinh-uu-dai-chao-mung-ngay-giai-phong-mien-nam-30-4-ngay-quoc-te-lao-dong-1-5.clg\">Ch\u01b0\u01a1ng tr\u00ecnh \u01afu \u0111\u00e3i Ch\u00e0o m\u1eebng Ng\u00e0y Gi\u1ea3i ph\u00f3ng Mi\u1ec1n Nam 30.4 &amp; Ng\u00e0y Qu\u1ed1c t\u1ebf Lao \u0111\u1ed9ng 1.5<\/a><\/h4>\t\t\t\t<\/div>\n\t\t\t\t<\/div>\n\t\t\t\t<div class=\"elementor-element elementor-element-14f3b44 color-scheme-inherit text-left elementor-widget elementor-widget-text-editor\" data-id=\"14f3b44\" data-element_type=\"widget\" data-e-type=\"widget\" data-widget_type=\"text-editor.default\">\n\t\t\t\t<div class=\"elementor-widget-container\">\n\t\t\t\t\t\t\t\t\t<p>K\u1ef3 ngh\u1ec9 l\u1ec5 30\/4 \u2013 1\/5 s\u1eafp t\u1edbi s\u1ebd l\u00e0 d\u1ecbp tuy\u1ec7t v\u1eddi \u0111\u1ec3 m\u1ed7i ng\u01b0\u1eddi ch\u1ecdn cho m\u00ecnh m\u1ed9t tr\u1ea3i nghi\u1ec7m th\u1eadt \u00fd ngh\u0129a,&#8230;<\/p>\t\t\t\t\t\t\t\t<\/div>\n\t\t\t\t<\/div>\n\t\t\t\t\t<\/div>\n\t\t<\/div>\n\t\t\t\t\t<\/div>\n\t\t<\/section>\n\t\t\t\t<\/div>\n\t\t","protected":false},"excerpt":{"rendered":"<p>\uac00\uaca9\ud45c \ubc0f \ud504\ub85c\ubaa8\uc158 \uac00\uaca9 \uc6d4~\uae08 9\ud640 18 \ud640 27 \ud640 36 \ud640 \ud68c\uc6d0 700.000 VN\u0110 1.000.000 VN\u0110 1.500.000 VN\u0110 2.000.000<\/p>\n","protected":false},"author":1,"featured_media":9018,"parent":0,"menu_order":0,"comment_status":"closed","ping_status":"closed","template":"","meta":{"_acf_changed":false,"_monsterinsights_skip_tracking":false,"_monsterinsights_sitenote_active":false,"_monsterinsights_sitenote_note":"","_monsterinsights_sitenote_category":0,"footnotes":""},"class_list":["post-6718","page","type-page","status-publish","has-post-thumbnail","hentry"],"acf":[],"_links":{"self":[{"href":"https:\/\/chilinhgolf.com\/ko\/wp-json\/wp\/v2\/pages\/6718","targetHints":{"allow":["GET"]}}],"collection":[{"href":"https:\/\/chilinhgolf.com\/ko\/wp-json\/wp\/v2\/pages"}],"about":[{"href":"https:\/\/chilinhgolf.com\/ko\/wp-json\/wp\/v2\/types\/page"}],"author":[{"embeddable":true,"href":"https:\/\/chilinhgolf.com\/ko\/wp-json\/wp\/v2\/users\/1"}],"replies":[{"embeddable":true,"href":"https:\/\/chilinhgolf.com\/ko\/wp-json\/wp\/v2\/comments?post=6718"}],"version-history":[{"count":49,"href":"https:\/\/chilinhgolf.com\/ko\/wp-json\/wp\/v2\/pages\/6718\/revisions"}],"predecessor-version":[{"id":12485,"href":"https:\/\/chilinhgolf.com\/ko\/wp-json\/wp\/v2\/pages\/6718\/revisions\/12485"}],"wp:featuredmedia":[{"embeddable":true,"href":"https:\/\/chilinhgolf.com\/ko\/wp-json\/wp\/v2\/media\/9018"}],"wp:attachment":[{"href":"https:\/\/chilinhgolf.com\/ko\/wp-json\/wp\/v2\/media?parent=6718"}],"curies":[{"name":"wp","href":"https:\/\/api.w.org\/{rel}","templated":true}]}}