{"id":6947,"date":"2023-02-01T12:23:53","date_gmt":"2023-02-01T05:23:53","guid":{"rendered":"https:\/\/chilinhgolf.com\/payment-regulations-ko"},"modified":"2023-06-11T22:20:03","modified_gmt":"2023-06-11T15:20:03","slug":"payment-regulations-ko","status":"publish","type":"page","link":"https:\/\/chilinhgolf.com\/ko\/payment-regulations-ko","title":{"rendered":"Payment Regulations &#8211; KO"},"content":{"rendered":"\t\t<div data-elementor-type=\"wp-page\" data-elementor-id=\"6947\" class=\"elementor elementor-6947 elementor-1778\" data-elementor-post-type=\"page\">\n\t\t\t\t\t\t<section class=\"elementor-section elementor-top-section elementor-element elementor-element-482ffe5 elementor-section-boxed elementor-section-height-default elementor-section-height-default\" data-id=\"482ffe5\" data-element_type=\"section\" data-e-type=\"section\">\n\t\t\t\t\t\t<div class=\"elementor-container elementor-column-gap-default\">\n\t\t\t\t\t<div class=\"elementor-column elementor-col-100 elementor-top-column elementor-element elementor-element-adc0f90\" data-id=\"adc0f90\" data-element_type=\"column\" data-e-type=\"column\">\n\t\t\t<div class=\"elementor-widget-wrap elementor-element-populated\">\n\t\t\t\t\t\t<div class=\"elementor-element elementor-element-105ceb5 elementor-widget elementor-widget-heading\" data-id=\"105ceb5\" data-element_type=\"widget\" data-e-type=\"widget\" data-widget_type=\"heading.default\">\n\t\t\t\t<div class=\"elementor-widget-container\">\n\t\t\t\t\t<h2 class=\"elementor-heading-title elementor-size-default\">\uacb0\uc81c \uaddc\uc815<\/h2>\t\t\t\t<\/div>\n\t\t\t\t<\/div>\n\t\t\t\t<div class=\"elementor-element elementor-element-f332e47 color-scheme-inherit text-left elementor-widget elementor-widget-text-editor\" data-id=\"f332e47\" data-element_type=\"widget\" data-e-type=\"widget\" data-widget_type=\"text-editor.default\">\n\t\t\t\t<div class=\"elementor-widget-container\">\n\t\t\t\t\t\t\t\t\t<p>1.1. \uad6d\ub0b4 \uce74\ub4dc, \uc2e0\uc6a9 \uce74\ub4dc, QR \ucf54\ub4dc, \ud604\uae08 \ub610\ub294 \ubb38\uc11c\ub85c \uae30\ud0c0 \ud611\uc758\ud558\uc9c0 \uc54a\ub294 \ud55c \uace0\uac1d\/\ud30c\ud2b8\ub108\ub294 \ub2e4\uc74c \uacc4\uc815\uc73c\ub85c \uc9c1\uc811 \uacb0\uc81c\ud569\ub2c8\ub2e4.<\/p>\n<p><em>(\uace0\uac1d\uc740 \uc11c\ube44\uc2a4 \uc608\uc57d \uc2dc \uacb0\uc81c \ub2e8\uacc4\uc5d0\uc11c \ud45c\uc2dc\ub418\ub294 \uacb0\uc81c \ubc29\ubc95\uc744 \uc120\ud0dd\ud560 \uc218 \uc788\uc2b5\ub2c8\ub2e4 )<\/em><\/p>\n<table width=\"589\">\n<tbody>\n<tr>\n<td width=\"45\"><strong>No<\/strong><\/td>\n<td width=\"183\"><strong>\uc740\ud589<\/strong><\/td>\n<td width=\"128\"><strong>\uacc4\uc88c \ubc88\ud638<\/strong><\/td>\n<td width=\"234\"><strong>\uc608\uae08\uc8fc<\/strong><\/td>\n<\/tr>\n<tr>\n<td width=\"45\">1<\/td>\n<td width=\"183\">\ubca0\ud2b8\ub0a8 \ud22c\uc790 \ubc0f \uac1c\ubc1c \uc8fc\uc2dd \uc0c1\uc5c5 \uc740\ud589 Bac Hai Duong \uc9c0\uc810(BIDV \uc740\ud589 &#8211; Bac Hai Duong \uc9c0\uc810)<\/td>\n<td width=\"128\">46110000977779<\/td>\n<td width=\"234\">C\u00d4NG TY C\u1ed4 PH\u1ea6N \u0110\u1ea6U T\u01af PH\u00c1T TRI\u1ec2N S\u00c2N G\u00d4N CH\u00cd LINH<\/td>\n<\/tr>\n<tr>\n<td width=\"45\">2<\/td>\n<td width=\"183\">\ubca0\ud2b8\ub0a8 \ub300\uc678\ubb34\uc5ed \uc8fc\uc2dd \uc0c1\uc5c5 \uc740\ud589 &#8211; Chi Linh \uc9c0\uc810<\/td>\n<td width=\"128\">0341001226868<\/td>\n<td width=\"234\">C\u00d4NG TY C\u1ed4 PH\u1ea6N \u0110\u1ea6U T\u01af PH\u00c1T TRI\u1ec2N S\u00c2N G\u00d4N CH\u00cd LINH<\/td>\n<\/tr>\n<tr>\n<td width=\"45\">3<\/td>\n<td width=\"183\">Petrolimex \ud718\ubc1c\uc720 \uc8fc\uc2dd \uc0c1\uc5c5 \uc740\ud589 &#8211; Ha Noi \uc9c0\uc810<\/td>\n<td width=\"128\">1067040714559<\/td>\n<td width=\"234\">C\u00d4NG TY C\u1ed4 PH\u1ea6N \u0110\u1ea6U T\u01af PH\u00c1T TRI\u1ec2N S\u00c2N G\u00d4N CH\u00cd LINH<\/td>\n<\/tr>\n<\/tbody>\n<\/table>\n<p><span style=\"font-size: 14px; background-color: var(--wd-main-bgcolor); color: var(--wd-text-color);\">1.2. \uc774\uccb4 \ub0b4\uc6a9: <\/span><em style=\"font-size: 14px; background-color: var(--wd-main-bgcolor); color: var(--wd-text-color);\">(i) \uace0\uac1d\/\ud30c\ud2b8\ub108\uc758 \uc131\uba85; (ii) \ud68c\uc6d0 \uce74\ub4dc \ubc88\ud638; (iii) \uc9c0\ubd88 \uc720\ud615(\ubcf4\uc99d\uae08, \uc9c0\ubd88 \ub4f1); (iv) \uacb0\uc81c \ub0b4\uc6a9.<\/em><\/p>\n<p>1.3. ChiLinh Golf\ub294 (i) \uc704\uc758 \uc9c0\ubd88 \uc218\ub839 \uacc4\uc88c \ubc88\ud638\ub97c \ubcc0\uacbd\ud558\uace0 \ubcf4\uc644\ud560 \uad8c\ub9ac\ub97c \ubcf4\uc720\ud569\ub2c8\ub2e4. \uadf8\ub9ac\uace0\/\ub610\ub294 (ii) \uacb0\uc81c \ud504\ub85c\uc138\uc2a4\ub97c \ucd94\uac00\ub85c \ubcc0\uacbd\ud558\uace0 \uace0\uac1d\/\ud30c\ud2b8\ub108\uc5d0\uac8c \ubb38\uc11c\ub85c \ud1b5\uc9c0\ud558\uac70\ub098 \uc6f9\uc0ac\uc774\ud2b8\uc5d0 \uac8c\uc2dc\ud569\ub2c8\ub2e4.<\/p>\n<p>&nbsp;<\/p>\t\t\t\t\t\t\t\t<\/div>\n\t\t\t\t<\/div>\n\t\t\t\t\t<\/div>\n\t\t<\/div>\n\t\t\t\t\t<\/div>\n\t\t<\/section>\n\t\t\t\t<\/div>\n\t\t","protected":false},"excerpt":{"rendered":"<p>\uacb0\uc81c \uaddc\uc815 1.1. \uad6d\ub0b4 \uce74\ub4dc, \uc2e0\uc6a9 \uce74\ub4dc, QR \ucf54\ub4dc, \ud604\uae08 \ub610\ub294 \ubb38\uc11c\ub85c \uae30\ud0c0 \ud611\uc758\ud558\uc9c0 \uc54a\ub294 \ud55c \uace0\uac1d\/\ud30c\ud2b8\ub108\ub294 \ub2e4\uc74c \uacc4\uc815\uc73c\ub85c \uc9c1\uc811<\/p>\n","protected":false},"author":1,"featured_media":0,"parent":0,"menu_order":0,"comment_status":"closed","ping_status":"closed","template":"","meta":{"_acf_changed":false,"_monsterinsights_skip_tracking":false,"_monsterinsights_sitenote_active":false,"_monsterinsights_sitenote_note":"","_monsterinsights_sitenote_category":0,"footnotes":""},"class_list":["post-6947","page","type-page","status-publish","hentry"],"acf":[],"_links":{"self":[{"href":"https:\/\/chilinhgolf.com\/ko\/wp-json\/wp\/v2\/pages\/6947","targetHints":{"allow":["GET"]}}],"collection":[{"href":"https:\/\/chilinhgolf.com\/ko\/wp-json\/wp\/v2\/pages"}],"about":[{"href":"https:\/\/chilinhgolf.com\/ko\/wp-json\/wp\/v2\/types\/page"}],"author":[{"embeddable":true,"href":"https:\/\/chilinhgolf.com\/ko\/wp-json\/wp\/v2\/users\/1"}],"replies":[{"embeddable":true,"href":"https:\/\/chilinhgolf.com\/ko\/wp-json\/wp\/v2\/comments?post=6947"}],"version-history":[{"count":0,"href":"https:\/\/chilinhgolf.com\/ko\/wp-json\/wp\/v2\/pages\/6947\/revisions"}],"wp:attachment":[{"href":"https:\/\/chilinhgolf.com\/ko\/wp-json\/wp\/v2\/media?parent=6947"}],"curies":[{"name":"wp","href":"https:\/\/api.w.org\/{rel}","templated":true}]}}