{"id":6959,"date":"2023-02-01T12:23:03","date_gmt":"2023-02-01T05:23:03","guid":{"rendered":"https:\/\/chilinhgolf.com\/terms-of-use-ko"},"modified":"2023-06-11T22:49:53","modified_gmt":"2023-06-11T15:49:53","slug":"terms-of-use-ko","status":"publish","type":"page","link":"https:\/\/chilinhgolf.com\/ko\/terms-of-use-ko","title":{"rendered":"Terms of use &#8211; KO"},"content":{"rendered":"\t\t<div data-elementor-type=\"wp-page\" data-elementor-id=\"6959\" class=\"elementor elementor-6959 elementor-1776\" data-elementor-post-type=\"page\">\n\t\t\t\t\t\t<section class=\"elementor-section elementor-top-section elementor-element elementor-element-13e9bb5 elementor-section-boxed elementor-section-height-default elementor-section-height-default\" data-id=\"13e9bb5\" data-element_type=\"section\" data-e-type=\"section\">\n\t\t\t\t\t\t<div class=\"elementor-container elementor-column-gap-default\">\n\t\t\t\t\t<div class=\"elementor-column elementor-col-100 elementor-top-column elementor-element elementor-element-9bc2576\" data-id=\"9bc2576\" data-element_type=\"column\" data-e-type=\"column\">\n\t\t\t<div class=\"elementor-widget-wrap elementor-element-populated\">\n\t\t\t\t\t\t<div class=\"elementor-element elementor-element-377e188 elementor-widget elementor-widget-heading\" data-id=\"377e188\" data-element_type=\"widget\" data-e-type=\"widget\" data-widget_type=\"heading.default\">\n\t\t\t\t<div class=\"elementor-widget-container\">\n\t\t\t\t\t<h2 class=\"elementor-heading-title elementor-size-default\">\uc77c\ubc18 \uc870\ud56d<\/h2>\t\t\t\t<\/div>\n\t\t\t\t<\/div>\n\t\t\t\t<div class=\"elementor-element elementor-element-3c928e6 color-scheme-inherit text-left elementor-widget elementor-widget-text-editor\" data-id=\"3c928e6\" data-element_type=\"widget\" data-e-type=\"widget\" data-widget_type=\"text-editor.default\">\n\t\t\t\t<div class=\"elementor-widget-container\">\n\t\t\t\t\t\t\t\t\t\ubcf8 \uc77c\ubc18 \uc870\ud56d(\uc774\ud558 &#8220;<strong>\uc77c\ubc18 \uc870\ud56d<\/strong>&#8220;)\uc740 \uace8\ud504\uc7a5 \ubc0f \ub808\uc2a4\ud1a0\ub791\uc5d0\uc11c \uc11c\ube44\uc2a4\ub97c \uc774\uc6a9\ud558\uac70\ub098 \uc608\uc57d\ud558\ub294 \uace0\uac1d \ubc0f \ud30c\ud2b8\ub108\uc5d0\uac8c \uc801\uc6a9\ub429\ub2c8\ub2e4. \uace0\uac1d, \ud30c\ud2b8\ub108 \ubc0f ChiLinh Golf\ub294 \uac1c\ubcc4\uc801\uc73c\ub85c &#8220;<strong>\uce21<\/strong>&#8220;\ub77c\uace0 \ud558\uba70 \uc9d1\ud569\uc801\uc73c\ub85c &#8220;<strong>\ub2f9\uc0ac\uc790<\/strong>&#8220;\ub77c\uace0 \ud569\ub2c8\ub2e4.\n\n\uac8c\uc2a4\ud2b8 \/ \ud30c\ud2b8\ub108\ub294 ChiLinh Golf\uc5d0 \uc608\uc57d \uc694\uccad, \uc774\ubca4\ud2b8 \uc694\uccad \ud558\uace0\/ \ub610\ub294 \ucd94\uac00 \uc11c\ube44\uc2a4(\ud1b5\uce6d\ud558\uc5ec <strong>&#8220;<\/strong><strong>\uc11c\ube44\uc2a4 \uc694\uccad<\/strong><strong>\u201d<\/strong>)\ub97c \ubcf4\ub0b4\uace0 ChiLinh Golf\ub85c\ubd80\ud130 \uc11c\ube44\uc2a4 \ud655\uc778\uc744 \ubc1b\uc74c\uc73c\ub85c\uc368 \uac8c\uc2a4\ud2b8 \ubc0f \ud30c\ud2b8\ub108\uac00 \uc77c\ubc18 \uc870\ud56d, \uc77c\ubc18 \uaddc\uce59 \ubc0f \uc77c\ubc18 \uc57d\uad00 \ubcc0\uacbd \uc0ac\ud56d\uc744 \uc77d\uace0 \uc218\ub77d\ud588\uc74c\uc744 \ub3d9\uc758\ud558\uace0 \uc778\uc815\ud569\ub2c8\ub2e4. \uc77c\ubc18 \uc57d\uad00\uc740 ChiLinh Golf\uc758 <a href=\"https:\/\/chilinhgolf.com\/ko\/terms-of-use-ko\">https:\/\/chilinhgolf.com\/ko\/terms-of-use-ko<\/a> \uc8fc\uc18c <strong>(&#8220;<\/strong><strong>\uc6f9\uc0ac\uc774\ud2b8<\/strong><strong>&#8220;)<\/strong>\ub85c \uacf5\uc2dd \uc6f9\uc0ac\uc774\ud2b8\uc640 ChiLinh Golf\uac00 \ud1b5\uc9c0\ud558\uace0 \uc81c\uacf5\ud558\ub294 \uc11c\ube44\uc2a4 \uc81c\uacf5 \uc815\ucc45, \uc11c\ube44\uc2a4 \uacac\uc801\uc5d0 \uc218\uc2dc\ub85c \uac8c\uc2dc\ub429\ub2c8\ub2e4.\n\n\uc77c\ubc18 \uc870\ud56d\uc740 ChiLinh Golf\uc640 \uace0\uac1d\/\ud30c\ud2b8\ub108\uac04\uc5d0 \ud655\uc778\ub41c \uacc4\uc57d, \uc11c\ube44\uc2a4 \uacf5\uae09, \uc0ac\uc6a9 \uacc4\uc57d \ub610\ub294 \uc11c\ube44\uc2a4 \uc694\uccad (&#8220;<strong>\uacc4\uc57d<\/strong>&#8220;)\uc758 \ud544\uc218\uc801\uc778 \ubd80\ubd84\uc785\ub2c8\ub2e4.\n\n<strong>\uc81c<\/strong><strong>1<\/strong><strong>\uc870<\/strong><strong>. <\/strong><strong>\uc815\uc758<\/strong>\n<ol>\n \t<li><strong>&#8220;ChiLinh Golf&#8221;<\/strong>\ub77c \ud568\uc740 Chi Linh \uace8\ud504\uc7a5 \uac1c\ubc1c \ud22c\uc790 \uc8fc\uc2dd\ud68c\uc0ac\ub97c \uc758\ubbf8\ud569\ub2c8\ub2e4.<\/li>\n \t<li><strong>&#8220;<\/strong><strong>\ud30c\ud2b8\ub108<\/strong><strong>&#8220;<\/strong>\ub294 \uc5ec\ud589\uc5c5\/ \uc5ec\ud589\uc0ac\/ \uae30\uc5c5\/ \uc870\uc9c1, \uac1c\uc778\uc774 ChiLinh Golf\uc640 \uacc4\uc57d\uc744 \uccb4\uacb0\ud55c \uc758\ubbf8\uc785\ub2c8\ub2e4.<\/li>\n \t<li>&#8220;<strong>\uac8c\uc2a4\ud2b8<\/strong>&#8220;\ub77c \ud568\uc740 ChiLinh Golf\uc758 \uc11c\ube44\uc2a4\ub97c \ub2e4\ub978 \uac1c\uc778\uc774\ub098 \ub2e8\uccb4\uc5d0 \uc7ac\ud310\ub9e4\ud558\uc9c0 \uc54a\uace0 \uc9c1\uc811 \uc18c\ube44\ud560 \ubaa9\uc801\uc73c\ub85c \uc774\uc6a9\ud558\ub294 \uac1c\uc778\uc744 \ub9d0\ud569\ub2c8\ub2e4.<\/li>\n \t<li><strong>&#8220;<\/strong><strong>\uacf5\uc2dc\uac00\uaca9<\/strong>&#8220;\uc774\ub77c \ud568\uc740 \uace8\ud504\uc7a5 \ubc0f ChiLinh Golf \uc6f9\uc0ac\uc774\ud2b8\uc5d0 \uae30\uc7ac\ub41c \uc11c\ube44\uc2a4 \uac00\uaca9\uc744 \uc758\ubbf8\ud569\ub2c8\ub2e4. \uc11c\ube44\uc2a4 \uac00\uaca9\uc740 \uc218\uc2dc\ub85c \ubcc0\uacbd\ub420 \uc218 \uc788\uc2b5\ub2c8\ub2e4.<\/li>\n \t<li>&#8220;<strong>\uc11c\ube44\uc2a4<\/strong>&#8220;\uc5d0\ub294 ChiLinh Golf\uac00 \uad50\ud1b5, \uc5d4\ud130\ud14c\uc778\uba3c\ud2b8 \uc11c\ube44\uc2a4\uc640 \uac19\uc774 \uc218\uc2dc\ub85c \uc81c\uacf5\ud558\ub294 \uc608\uc57d \uc11c\ube44\uc2a4, \uc774\ubca4\ud2b8 \ud30c\ud2f0, \ubc14\uc6b0\ucc98 \ub610\ub294 \uae30\ud0c0 \ucd94\uac00 \uc11c\ube44\uc2a4\uac00 \ud3ec\ud568\ub429\ub2c8\ub2e4.<\/li>\n \t<li>&#8220;<strong>1<\/strong><strong>\uc778 \uac8c\uc2a4\ud2b8<\/strong>&#8220;\ub77c \ud568\uc740 1\uba85\uc758 \uc911\uac1c\uc790 \uc5c6\uc774 \ub9c8\ub2f9\uc5d0\uc11c \uc9c1\uc811 \uc608\uc57d\ud55c \uac8c\uc2a4\ud2b8 \ub610\ub294 \ub2e8\uccb4 \uac8c\uc2a4\ud2b8\ub97c \uc758\ubbf8\ud569\ub2c8\ub2e4.<\/li>\n \t<li>&#8220;<strong>\ub2e8\uccb4 \uc190\ub2d8<\/strong>&#8220;\uc774\ub77c \ud568\uc740 30\uba85 \uc774\uc0c1\uc758 \uc608\uc57d \uc778\uc6d0\uc744 \uac00\uc9c4 01\uba85\uc758 \ub2e8\uccb4 \uc190\ub2d8\uc744 \uc758\ubbf8\ud569\ub2c8\ub2e4.<\/li>\n \t<li>&#8220;<strong>\uadfc\ubb34\uc77c<\/strong>&#8220;\uc774\ub77c \ud568\uc740 \ubc95\ub960\uc774 \uc815\ud558\ub294 \uacf5\ud734\uc77c \ubc0f \uacf5\ud734\uc77c\uc744 \uc81c\uc678\ud558\uace0 \ub9e4\uc8fc 2\uc77c\ubd80\ud130 6\uc77c\uae4c\uc9c0\uc758 \ub0a0\uc744 \ub9d0\ud569\ub2c8\ub2e4.<\/li>\n \t<li><strong>&#8220;<\/strong><strong>\uc77c\ubc18 \uaddc\uc815<\/strong><strong>&#8220;<\/strong>\uc740 \uace0\uac1d\uc774 \uace8\ud504\uc7a5\uc5d0\uc11c \uc219\ubc15\ud558\uace0 \uc11c\ube44\uc2a4\ub97c \uc0ac\uc6a9\ud558\ub294 \ub3d9\uc548 \uc900\uc218\ud574\uc57c \ud558\ub294 \uaddc\uce59\uc744 \uc758\ubbf8\ud558\uba70 ChiLinh Golf\uc758 \uc7ac\ub7c9\uc5d0 \ub530\ub77c \uc218\uc2dc\ub85c \uc218\uc815 \ubc0f \ubcf4\uc644\ub420 \uc218 \uc788\uc73c\uba70 ChiLinh Golf \uc6f9\uc0ac\uc774\ud2b8\uc5d0 \uac8c\uc2dc\ub420 \uc218 \uc788\uc2b5\ub2c8\ub2e4.<\/li>\n \t<li>&#8220;<strong>\ubc14\uc6b0\ucc98<\/strong>&#8220;\ub294 \uac01 \uc815\ucc45\uc5d0 \ub530\ub77c \ud604\uae08 \ub300\uc2e0 \ub610\ub294 \uc774\uc5d0 \uc0c1\uc751\ud558\ub294 \uae08\uc561\uc758 \uc774\uccb4\ub97c \uc81c\uacf5\ud558\ub294 \uacb0\uc81c \uc218\ub2e8\uc744 \uc758\ubbf8\ud569\ub2c8\ub2e4. \ubc14\uc6b0\ucc98\uc758 \uc0ac\uc6a9\uc740 \uc77c\ubc18\uaddc\uc815 \uc77c\ubc18\uc870\ud56d \ubc0f \uac01 \ubc14\uc6b0\ucc98\uc758 \uc138\ubd80 \uaddc\uc815\uc744 \uc900\uc218\ud574\uc57c \ud569\ub2c8\ub2e4.<\/li>\n \t<li>&#8220;<strong>\ub2e8\uccb4 \uc11c\ube44\uc2a4 \ud655\uc778<\/strong>&#8220;\uc740 ChiLinh Golf\uac00 \ubcf8 \uc77c\ubc18 \uc57d\uad00\uacfc \ud568\uaed8 \uacf5\ud45c \ub41c \uc591\uc2dd\uc758 \ub0b4\uc6a9\uc73c\ub85c \uadf8\ub8f9 \uac8c\uc2a4\ud2b8\uc758 \uc608\uc57d, \uc774\ubca4\ud2b8 \uc870\uc9c1 \ub610\ub294 \uae30\ud0c0 \ucd94\uac00 \uc11c\ube44\uc2a4\uc5d0 \uad00\ud55c \uac8c\uc2a4\ud2b8 \/ \ud30c\ud2b8\ub108\uc758 \uc11c\ube44\uc2a4 \uc694\uccad\uc744 \ud655\uc778\ud558\ub294 \uac83\uc744 \uc758\ubbf8\ud569\ub2c8\ub2e4.<\/li>\n \t<li>&#8220;<strong>1<\/strong><strong>\uc778 \uac8c\uc2a4\ud2b8 \uc11c\ube44\uc2a4 \ud655\uc778<\/strong>&#8220;\uc740 \uc18c\ub9e4 \uace0\uac1d\uc758 \uc11c\ube44\uc2a4, \ubc14\uc6b0\ucc98 \ub610\ub294 \uae30\ud0c0 \ucd94\uac00 \uc11c\ube44\uc2a4 \uc608\uc57d\uc5d0 \uad00\ud55c \uc190\ub2d8 \/ \ud30c\ud2b8\ub108\uc758 \uc11c\ube44\uc2a4 \uc694\uccad\uc5d0 \ub300\ud55c ChiLinh Golf\uc758 \ud655\uc778\uacfc \ubcf8 \uc77c\ubc18 \uc57d\uad00\uacfc \ud568\uaed8 \uacf5\ud45c \ub41c \uc591\uc2dd\uc758 \ub0b4\uc6a9\uc744 \uc758\ubbf8\ud569\ub2c8\ub2e4.<\/li>\n<\/ol>\n<strong>\uc81c<\/strong><strong>2<\/strong><strong>\uc870<\/strong><strong>: <\/strong><strong>\ubc14\uc6b0\ucc98<\/strong>\n\n\uae30\ud0c0 \ud569\uc758\ub418\uac70\ub098 ChiLinh Golf\uac00 \ub2e4\ub978 \uc815\ucc45\uc744 \uac00\uc9c0\uace0 \uc788\uc9c0 \uc54a\ub294 \ud55c, \ubc14\uc6b0\ucc98 \uc0ac\uc6a9\uc790\ub294 \uc77c\ubc18\uc870\ud56d, \uc77c\ubc18 \uaddc\uc815, \ubc14\uc6b0\ucc98\uc5d0 \uba85\uc2dc\ub41c \uae30\ud0c0 \uc870\uac74\uacfc\/ \ub610\ub294 ChiLinh Golf\uac00 \uc0ac\uc6a9 \uc2dc\uc810\uc5d0 \ubc1c\ud589\ud55c \ubc14\uc6b0\ucc98 \uc720\ud615\uc5d0 \ud574\ub2f9\ud558\ub294 \uc11c\ube44\uc2a4 \uc81c\uacf5 \uc815\ucc45\uc758 \uc870\ud56d\uc744 \uc900\uc218\ud574\uc57c \ud569\ub2c8\ub2e4. \u00a0\ubc14\uc6b0\ucc98 \uc6d0\ubcf8\uc740 \ud504\ub860\ud2b8 \ub370\uc2a4\ud06c\uc5d0\uc11c \uc81c\uc2dc\ud558\uace0 \ud68c\uc218\ud574\uc57c \ud569\ub2c8\ub2e4. \uc801\uaca9 \ubc14\uc6b0\ucc98\ub97c \uc81c\uc2dc\ud560 \uc218 \uc5c6\ub294 \uacbd\uc6b0, \uace0\uac1d\uc740 \uac70\ub798 \uc2dc\uc810\uc758 \uacf5\uc2dc \uac00\uaca9\uc73c\ub85c \uc9c1\uc811 \uacb0\uc81c\ud574\uc57c \ud569\ub2c8\ub2e4.\n\n<strong>\uc81c<\/strong><strong>3<\/strong><strong>\uc870<\/strong><strong> : <\/strong><strong>\uc608\uc57d<\/strong> <strong>\uc815\ucc45<\/strong>\n<ol>\n \t<li>\uace0\uac1d\/\ud30c\ud2b8\ub108\uc758 \ubaa8\ub4e0 \uc11c\ube44\uc2a4 \uc694\uccad\uc740 \uc774\uba54\uc77c \ub610\ub294 \ubb38\uc790 \ud615\uc2dd\uc73c\ub85c ChiLinh Golf\ub85c \ubcf4\ub0b4\uc57c \ud558\uba70 \uccb4\ud06c\uc778 \uc804\uc5d0 ChiLinh Golf\uc5d0\uc11c \ud655\uc778\ud574\uc57c \ud569\ub2c8\ub2e4.<\/li>\n<\/ol>\n<ol start=\"2\">\n \t<li>\ud30c\ud2b8\ub108\ub294 Chi Linh \uace8\ud504\uc7a5\uc5d0\uc11c \uc11c\ube44\uc2a4\ub97c \uc774\uc6a9\ud560 \ub54c \uac8c\uc2a4\ud2b8\uc758 \uac1c\uc778 \uc18c\uc9c0\ud488 \uc790\uccb4 \ubcf4\uc874\uc5d0 \ub300\ud574 \ubaa8\ub4e0 \uace0\uac1d\uc5d0\uac8c \uc54c\ub824\uc57c \ud569\ub2c8\ub2e4. \ubd88\ub9cc\uc774\ub098 \ubd84\uc7c1\uc774 \ubc1c\uc0dd\ud560 \uacbd\uc6b0 \uace0\uac1d\uc740 \ubaa8\ub4e0 \uad00\ub828 \ucc45\uc784\uc744 \uc9d1\ub2c8\ub2e4.<\/li>\n<\/ol>\n<strong>\uc81c<\/strong><strong>4<\/strong><strong>\uc870<\/strong><strong> : CHILINH GOLF<\/strong><strong>\uc758<\/strong> <strong>\uc218\ucde8<\/strong> <strong>\uacc4\uc88c<\/strong>\n\n<em>\uacc4\uc815<\/em> <em>\ub974\uc2a4\ud2b8<\/em><em>:<\/em>\n<table width=\"600\">\n<tbody>\n<tr>\n<td width=\"45\"><strong>No<\/strong><\/td>\n<td width=\"183\"><strong>\uc740\ud589<\/strong><\/td>\n<td width=\"138\"><strong>\uacc4\uc88c \ubc88\ud638<\/strong><\/td>\n<td width=\"234\"><strong>\uc608\uae08\uc8fc<\/strong><\/td>\n<\/tr>\n<tr>\n<td width=\"45\">1<\/td>\n<td width=\"183\">\ubca0\ud2b8\ub0a8 \ud22c\uc790 \ubc0f \uac1c\ubc1c \uc8fc\uc2dd \uc0c1\uc5c5 \uc740\ud589\n\nBac Hai Duong \uc9c0\uc810(BIDV \uc740\ud589 &#8211; Bac Hai Duong \uc9c0\uc810)<\/td>\n<td width=\"138\">46110000977779<\/td>\n<td width=\"234\">C\u00d4NG TY C\u1ed4 PH\u1ea6N \u0110\u1ea6U T\u01af PH\u00c1T TRI\u1ec2N S\u00c2N G\u00d4N CH\u00cd LINH<\/td>\n<\/tr>\n<tr>\n<td width=\"45\">2<\/td>\n<td width=\"183\">\ubca0\ud2b8\ub0a8 \ub300\uc678\ubb34\uc5ed \uc8fc\uc2dd \uc0c1\uc5c5 \uc740\ud589 &#8211; Chi Linh \uc9c0\uc810<\/td>\n<td width=\"138\">0341001226868<\/td>\n<td width=\"234\">C\u00d4NG TY C\u1ed4 PH\u1ea6N \u0110\u1ea6U T\u01af PH\u00c1T TRI\u1ec2N S\u00c2N G\u00d4N CH\u00cd LINH<\/td>\n<\/tr>\n<tr>\n<td width=\"45\">3<\/td>\n<td width=\"183\">Petrolimex \ud718\ubc1c\uc720 \uc8fc\uc2dd \uc0c1\uc5c5 \uc740\ud589 &#8211; Ha Noi \uc9c0\uc810<\/td>\n<td width=\"138\">1067040714559<\/td>\n<td width=\"234\">C\u00d4NG TY C\u1ed4 PH\u1ea6N \u0110\u1ea6U T\u01af PH\u00c1T TRI\u1ec2N S\u00c2N G\u00d4N CH\u00cd LINH<\/td>\n<\/tr>\n<\/tbody>\n<\/table>\n<em>\u00a0<\/em>\n<ol>\n \t<li>\uc2e0\uc6a9 \uce74\ub4dc, \ud604\uae08 \ub610\ub294 \uc11c\uba74\uc73c\ub85c \ud569\uc758\ud558\uc9c0 \uc54a\ub294 \ud55c, \uac8c\uc2a4\ud2b8\/ \ud30c\ud2b8\ub108\ub294<\/li>\n<\/ol>\n\uacc4\uc815\uc73c\ub85c \uc9c1\uc811 \uc9c0\ubd88\ud569\ub2c8\ub2e4.\n<ol start=\"2\">\n \t<li>\uc774\uccb4 \ub0b4\uc6a9: (i) \uace0\uac1d\/\ud30c\ud2b8\ub108\uc758 \uc131\uba85; (ii) \ud68c\uc6d0 \uce74\ub4dc \ubc88\ud638; (iii) \uc9c0\ubd88 \uc720\ud615(\ubcf4\uc99d\uae08, \uc9c0\ubd88 \ub4f1)<\/li>\n \t<li>ChiLinh Golf\ub294 (i) \uc704\uc758 \uc9c0\ubd88 \uc218\ub839 \uacc4\uc88c \ubc88\ud638\ub97c \ubcc0\uacbd\ud558\uace0 \ubcf4\uc644\ud560 \uad8c\ub9ac\ub97c \ubcf4\uc720\ud569\ub2c8\ub2e4. \uadf8\ub9ac\uace0\/\ub610\ub294 (ii) \uacb0\uc81c \ud504\ub85c\uc138\uc2a4\ub97c \ucd94\uac00\ub85c \ubcc0\uacbd\ud558\uace0 \uace0\uac1d\/\ud30c\ud2b8\ub108\uc5d0\uac8c \ubb38\uc11c\ub85c \ud1b5\uc9c0\ud558\uac70\ub098 \uc6f9\uc0ac\uc774\ud2b8\uc5d0 \uac8c\uc2dc\ud569\ub2c8\ub2e4.<\/li>\n<\/ol>\n<strong>\uc81c<\/strong><strong> 5. <\/strong><strong>\uc218\ub9ac<\/strong><strong>, <\/strong><strong>\uac1c\uc870<\/strong>\n<ol>\n \t<li>ChiLinh Golf\ub294 \uace8\ud504\uc7a5\uc758 \ucd5c\uc0c1\uc758 \uc0c1\ud0dc\ub97c \uc720\uc9c0\ud558\uae30 \uc704\ud55c \ubaa9\uc801\uc5d0 \ub530\ub77c \uc815\uae30\uc801\uc778 \uc720\uc9c0 \ubcf4\uc218 \ud504\ub85c\uadf8\ub7a8\uc744 \uc218\ub9ac, \uac1c\uc870 \ub610\ub294 \uc5c5\uadf8\ub808\uc774\ub4dc\/\uc9c4\ud589\ud560 \uc218 \uc788\ub294 \uad8c\ub9ac\ub97c \ubcf4\uc720\ud569\ub2c8\ub2e4. ChiLinh Golf\ub294 \uc790\uccb4 \uc7ac\ub7c9\uc5d0 \ub530\ub77c \uc218\ub9ac \ubc0f \uc5c5\uadf8\ub808\uc774\ub4dc \uacb0\uc815\uc744 \ub0b4\ub9b4 \uad8c\ub9ac\uac00 \uc788\uc9c0\ub9cc \uace0\uac1d \ub9cc\uc871\uc5d0 \uc601\ud5a5\uc744 \ubbf8\uce60 \uc218 \uc788\ub294 \uc8fc\uc694 \ubc0f \uc7a5\uae30 \uc5c5\uadf8\ub808\uc774\ub4dc\ub97c \uc2dc\uc791\ud558\uae30 \uc804\uc5d0 \ud30c\ud2b8\ub108 \ud558\uace0\/\ub610\ub294 \uace0\uac1d\uc5d0\uac8c \uc774\uba54\uc77c\/\ud329\uc2a4\ub85c \uc54c\ub824\uc57c \ud569\ub2c8\ub2e4.<\/li>\n \t<li>ChiLinh Golf\ub294 \ub300\ub9ac\uc810\/ \ud30c\ud2b8\ub108\/ \uace0\uac1d\uc5d0\uac8c \uc0ac\uc804 \ud1b5\uc9c0\ud55c \ud6c4 \ub9ac\ub178\ubca0\uc774\uc158\/\uc5c5\uadf8\ub808\uc774\ub4dc\uc758 \uacb0\uacfc\ub85c \ub51c\ub7ec \ubc0f\/\ub610\ub294 \uace0\uac1d\uc774 \uacbd\ud5d8\ud558\uac8c \ub420 \uc190\uc2e4 \ubc0f\/\ub610\ub294 \uc190\ud574\uc5d0 \ub300\ud55c \uccad\uad6c, \uccad\uad6c\uc5d0 \ub300\ud574 \ucc45\uc784\uc744 \uc9c0\uc9c0 \uc54a\uc2b5\ub2c8\ub2e4.<\/li>\n<\/ol>\n<strong>\uc81c<\/strong><strong>6<\/strong><strong>\uc870<\/strong><strong>. <\/strong><strong>\ubd88\uac00\ud56d\ub825<\/strong>\n\nChiLinh Golf, \uac8c\uc2a4\ud2b8 \ub610\ub294 \ud30c\ud2b8\ub108\ub294 \uc11c\ube44\uc2a4 \uc81c\uacf5 \ubc0f \uc0ac\uc6a9\uc5d0 \ub300\ud55c \uacc4\uc57d \/ \uacc4\uc57d\uc758 \uc9c0\uc5f0, \ubd88\uc774\ud589 (\uc9c0\ubd88 \uc758\ubb34 \uc81c\uc678) \ub610\ub294 \uc77c\ubc18 \uc57d\uad00, \uc77c\ubc18 \uc870\ud56d\uc5d0 \ub530\ub978 \uac01 \ub2f9\uc0ac\uc790\uc758 \uad8c\ub9ac \ubc0f \uc758\ubb34\uc5d0 \ub300\ud574 \ucc45\uc784\uc744\uc9c0\uc9c0 \uc54a\uc2b5\ub2c8\ub2e4.\u00a0 \uadf8\ub807\uac8c \ud558\uc9c0 \uc54a\uc73c\uba74 \ubd88\uac00\ud56d\ub825 \uc0ac\uac74\uc73c\ub85c \uc778\ud574 \ubc1c\uc0dd\ud569\ub2c8\ub2e4. \ubd88\uac00\ud56d\ub825 \uc0ac\uac74\uc5d0\ub294 \ud3ed\ud48d, \ud64d\uc218, \uc9c0\uc9c4, \uc804\uc7c1, \ud654\uc7ac, \uc8fc \uc815\ucc45, \ubc95\ub960 \ub610\ub294 \uae30\ud0c0 \uac1d\uad00\uc801\uc778 \uc0ac\uac74\uc758 \ubcc0\uacbd\uc774 \ud3ec\ud568\ub418\uc9c0\ub9cc \uc774\uc5d0 \uad6d\ud55c\ub418\uc9c0\ub294 \uc54a\uc2b5\ub2c8\ub2e4.\n\n<em>\uc870\uac74\uc73c\ub85c<\/em><em>:<\/em>\n<ol>\n \t<li>\uadf8\ub7ec\ud55c \uc0ac\uac74\uc740 \ubd88\uac00\ud56d\ub825 \uc0ac\uac74\uc758 \uc601\ud5a5\uc744 \ubc1b\ub294 \ub2f9\uc0ac\uc790\uc758 \uacfc\uc2e4 \ub610\ub294 \uacfc\uc2e4\ub85c \uc778\ud55c \uac83\uc774 \uc544\ub2c8\ub77c \ub2f9\uc0ac\uc790\uac00 \ud544\uc694\ud55c \ubaa8\ub4e0 \uc870\uce58\ub97c \ucde8\ud558\uace0 \uc190\ud574\ub97c \uc608\ubc29, \uad6c\uc81c \ub610\ub294 \uc644\ud654\ud560 \uc218 \uc788\ub294 \uad8c\ud55c \ub0b4\uc5d0 \uc788\ub354\ub77c\ub3c4 \uc804\uc801\uc73c\ub85c \ud569\ub9ac\uc801\uc778 \ud1b5\uc81c\ub97c \ubc97\uc5b4\ub0a9\ub2c8\ub2e4. \ubcf8 \uacc4\uc57d\uc5d0 \ub530\ub978 \uc758\ubb34 \uc774\ud589\uc758 \uc9c0\uc5f0, \uc911\ub2e8 \ub610\ub294 \uc9c0\uc5f0\uc744 \uc720\ubc1c\ud569\ub2c8\ub2e4.<\/li>\n<\/ol>\n<ol start=\"2\">\n \t<li>\ubd88\uac00\ud56d\ub825 \uc0ac\uac74 \ubc1c\uc0dd\uc77c\ub85c\ubd80\ud130 03 \uc77c \uc774\ub0b4\uc5d0 \ubd88\uac00\ud56d\ub825 \uc0ac\uac74\uc758 \uc601\ud5a5\uc744\ubc1b\ub294 \ub2f9\uc0ac\uc790\ub294 \ubd88\uac00\ud56d\ub825 \uc0ac\uac74, \uc190\ud574 \ubc29\uc9c0 \ubc0f \uad6c\uc81c\ub97c\uc704\ud55c \uc870\uce58\ub97c \uc0c1\ub300\ubc29\uc5d0\uac8c \uc11c\uba74\uc73c\ub85c \ud1b5\uc9c0\ud574\uc57c\ud569\ub2c8\ub2e4. \uc608\uc0c1\ub418\ub294 \uc218\uc815 \uacc4\ud68d \ubc0f \uc218\uc815 \uc870\uce58\ud569\ub2c8\ub2e4.<\/li>\n<\/ol>\n<ol start=\"3\">\n \t<li>ChiLinh Golf\uac00 \uc11c\uba74\uc73c\ub85c \ub2ec\ub9ac \ud569\uc758\ud558\uc9c0 \uc54a\ub294 \ud55c, \uac8c\uc2a4\ud2b8 \ub610\ub294 \ud30c\ud2b8\ub108\ub294 \uc2e4\uc81c \uc0c1\ud669\uc5d0 \ub530\ub77c \uacc4\uc57d\uc5d0 \ub530\ub978 \uc758\ubb34\ub97c \uc218\ud589\ud574\uc57c\ud558\uba70 \ubd88\uac00\ud56d\ub825 \uc0ac\uac74\uc73c\ub85c \uc778\ud574 \ubc29\ud574\ubc1b\uc9c0 \uc54a\ub294 \uc791\uc5c5\uc744 \uc218\ud589\ud558\uae30 \uc704\ud574 \ubaa8\ub4e0 \ud569\ub9ac\uc801\uc778 \uc870\uce58\ub97c \ucde8\ud574\uc57c\ud569\ub2c8\ub2e4.<\/li>\n<\/ol>\n<strong>\uc81c<\/strong><strong> 7<\/strong><strong>\uc870<\/strong><strong>. <\/strong><strong>\uc815\ubcf4<\/strong> <strong>\ubcf4\uc548<\/strong><strong>\u00a0 <\/strong>\n<ol>\n \t<li>\ud30c\ud2b8\ub108\uc640 ChiLinh Golf\ub294 \uacc4\uc57d\uc758 \uc720\ud6a8 \uae30\uac04 \ub3d9\uc548 \ud30c\ud2b8\ub108\uc640 ChiLinh Golf \uac04\uc758 \uacc4\uc57d\uc774 \uc885\ub8cc\ub41c \ud6c4 \uacf5\uac1c \ub2f9\uc0ac\uc790\uac00 \uacf5\uac1c \ub2f9\uc0ac\uc790\uc758 \uae30\ubc00 \uc815\ubcf4(&#8220;\uae30\ubc00 \uc815\ubcf4&#8221;)\ub97c \uc808\ub300\uc801\uc73c\ub85c \uae30\ubc00\ub85c \uc720\uc9c0\ud560 \uac83\uc744 \uc57d\uc18d\ud569\ub2c8\ub2e4. \ub530\ub77c\uc11c \uacf5\uac1c \ub2f9\uc0ac\uc790\ub294 \uc544\ub798\uc5d0 \uba85\uc2dc\ub41c \uacbd\uc6b0\ub97c \uc81c\uc678\ud558\uace0 \uacf5\uac1c \ub2f9\uc0ac\uc790\uc758 \uc11c\uba74 \ub3d9\uc758 \uc5c6\uc774 \uc5b4\ub5a0\ud55c \uc0c1\ud669\uc5d0\uc11c\ub3c4 \uc9c1\uac04\uc811\uc801\uc73c\ub85c \uae30\ubc00 \uc815\ubcf4\ub97c \uc81c3\uc790\uc5d0\uac8c \uacf5\uac1c\ud574\uc11c\ub294 \uc548 \ub429\ub2c8\ub2e4. \uc774 \uc870\ud56d\uc5d0 \uba85\uc2dc\ub41c \ubaa9\uc801\uc744 \uc704\ud574 \uae30\ubc00 \uc815\ubcf4\ub294 ChiLinh Golf\uc640 \ud30c\ud2b8\ub108 \uac04\uc5d0 \uccb4\uacb0\ub41c \uacc4\uc57d \uc870\uac74 \ubc0f\/\ub610\ub294 \ubcf8 \uacc4\uc57d\uc758 \uc774\ud589\uacfc \uad00\ub828\ud558\uc5ec \uc0dd\uc131\ub41c \uc815\ubcf4, \ub370\uc774\ud130, \ubb38\uc11c\ub97c \ud3ec\ud568\ud558\ub418 \uc774\uc5d0 \uad6d\ud55c\ub418\uc9c0 \uc54a\ub294 \uc815\ubcf4\ub85c \ud574\uc11d\ub429\ub2c8\ub2e4. \uacc4\uc57d \uc774\ud589\uc744 \uc704\ud574 \uacf5\uac1c \ub2f9\uc0ac\uc790\uac00 \uacf5\uac1c \ub2f9\uc0ac\uc790\uc5d0\uac8c \uc5b4\ub5a4 \ud615\ud0dc\ub85c\ub4e0 \uc81c\uacf5\ud55c \uc815\ubcf4, \ub370\uc774\ud130 \ubc0f \ubb38\uc11c. \ub610\ud55c \uae30\ubc00 \uc815\ubcf4\uc5d0\ub294 \uc601\uc5c5 \ube44\ubc00, \uae30\uc220 \ube44\ubc00, \uc601\uc5c5 \ube44\ubc00, \uc9c0\uc2dd \ub610\ub294 \uacf5\uac1c \ub2f9\uc0ac\uc790\uc758 \uc7ac\ubb34 \ub610\ub294 \ube44\uc988\ub2c8\uc2a4 \ub9c8\ucf00\ud305\uc5d0 \uad00\ud55c \uae30\ud0c0 \uc815\ubcf4\uac00 \ud3ec\ud568\ub418\uc9c0\ub9cc \uc774\uc5d0 \uad6d\ud55c\ub418\uc9c0 \uc54a\uc2b5\ub2c8\ub2e4.<\/li>\n<\/ol>\n<ol start=\"2\">\n \t<li>\uae30\ubc00 \uc815\ubcf4\uac00 \ub2e4\uc74c\uacfc \uac19\uc740 \uacbd\uc6b0 \uae30\ubc00 \uc720\uc9c0 \uc758\ubb34\uac00 \uc81c\uc678\ub429\ub2c8\ub2e4.\n<ul>\n \t<li>\uacf5\uac1c\ud55c \ub2f9\uc0ac\uc790\uc5d0 \uc758\ud574 \ub300\uc911\uc5d0\uac8c \ub110\ub9ac \ubcf4\uae09\ub418\uc5c8\uc2b5\ub2c8\ub2e4.<\/li>\n \t<li>\ubcf8 \uacc4\uc57d\uc5d0 \ub530\ub77c \uacf5\uac1c\ub41c \ub2f9\uc0ac\uc790\uc758 \uc758\ubb34\ub97c \uc774\ud589\ud560 \ubaa9\uc801\uc73c\ub85c \uacf5\uac1c\ub41c \ub2f9\uc0ac\uc790\uac00 \uacf5\uac1c\ub41c \ub2f9\uc0ac\uc790\uc758 \uc9c1\uc6d0, \uc7ac\ubb34 \ub610\ub294 \ubc95\ub960 \uace0\ubb38 \ub610\ub294 \uacc4\uc57d\uc790\uc5d0\uac8c \uc81c\uacf5\ud558\ub294 \uacbd\uc6b0, \uacf5\uac1c \ub2f9\uc0ac\uc790\ub294 \ucc45\uc784\uc744 \uc9c0\uace0 \uacf5\uac1c \uc815\ubcf4\uac00 \uacf5\uac1c\ub418\ub294 \uc8fc\uccb4\uac00 \ub2e4\uc74c\uacfc \uac19\uc740 \uae30\ubc00 \uc720\uc9c0 \uc870\ud56d\uc744 \uc900\uc218\ud558\ub3c4\ub85d \ubcf4\uc7a5\ud569\ub2c8\ub2e4.<\/li>\n \t<li>\uacf5\uac1c\ub41c \ub2f9\uc0ac\uc790\uac00 \uae30\ubc00 \uc720\uc9c0 \uc758\ubb34 \uc5c6\uc774 \ubcf8 \uacc4\uc57d\uc758 \uc774\ud589\uacfc \ubb34\uad00\ud558\uac8c \uc81c3\uc790\ub85c\ubd80\ud130 \ubc1b\uc740 \uacbd\uc6b0; \ub610\ub294<\/li>\n \t<li>\uad00\ud560 \ub2f9\uad6d \ub610\ub294 \uacf5\uac1c\ub41c \ub2f9\uc0ac\uc790\uc5d0 \ub300\ud55c \uc801\uc808\ud55c \uad00\ud560\uad8c\uc744 \uac00\uc9c4 \ubc95\uc6d0\uc5d0\uc11c \uacf5\uac1c\ud574\uc57c \ud569\ub2c8\ub2e4.<\/li>\n<\/ul>\n<\/li>\n \t<li>\uacf5\uac1c\ub41c \uce21\uc740 \ubcf8 \uae30\ubc00 \uc720\uc9c0 \uc758\ubb34\uc758 \uc704\ubc18\uc774 \uacf5\uac1c\ud55c \uce21\uc5d0\uac8c \ub3cc\uc774\ud0ac \uc218 \uc5c6\ub294 \ud53c\ud574\ub97c \uc785\ud790 \uc218 \uc788\ub2e4\ub294 \ub370 \ub3d9\uc758\ud558\uba70, \uc774\uc5d0 \ub530\ub77c \uacf5\uac1c\ud55c \uce21\uc740 \uc190\ud574\uc758 \uc644\ud654\ub97c \ucd94\uad6c\ud558\uace0 \uacf5\uac1c\ub41c \uce21\uc5d0\uac8c \uacc4\uc57d \uac00\uce58 \uc801\uc9c0 \uc54a\uc740 \uc190\ud574 \uc804\uc561\uc744 \ubcf4\uc0c1\ud558\ub3c4\ub85d \uac15\uc81c\ud560 \uad8c\ub9ac\uac00 \uc788\uc2b5\ub2c8\ub2e4.<\/li>\n<\/ol>\n<strong>\uc81c<\/strong><strong>8<\/strong><strong>\uc870<\/strong><strong>. <\/strong><strong>\ubd84\uc7c1<\/strong> <strong>\ud574\uacb0<\/strong>\n\n\uc77c\ubc18 \uaddc\uc815, \uc77c\ubc18 \uc870\ud56d\uc758 \uaddc\uc815\uc740 \ubca0\ud2b8\ub0a8 \ubc95\ub960\uc5d0 \uc758\ud574 \uc870\uc815\ub429\ub2c8\ub2e4. \uacc4\uc57d \ubc0f \uc77c\ubc18 \uaddc\uc815, \uc77c\ubc18 \uc870\ud56d\uc5d0 \ub530\ub77c \uac8c\uc2a4\ud2b8\/ \ud30c\ud2b8\ub108\uc758 \uc11c\ube44\uc2a4 \uc694\uccad \ubc0f \uc0ac\uc6a9\uacfc \uad00\ub828\ud558\uc5ec \ubc1c\uc0dd\ud558\ub294 \ubaa8\ub4e0 \ubd84\uc7c1\uc740 \ud611\uc0c1\uc744 \ud1b5\ud574 \ud574\uacb0\ud558\ub824\uace0 \ub178\ub825\ud560 \uac83\uc785\ub2c8\ub2e4. \u00a0\ubd84\uc7c1\uc774 \ubc1c\uc0dd\ud55c \ub0a0\ub85c\ubd80\ud130 30\uc77c \uc774\ub0b4\uc5d0 \ud611\uc0c1 \ub610\ub294 \ud611\uc0c1\uc774 \uc2e4\ud328\ud558\ub294 \uacbd\uc6b0, \ub2f9\uc0ac\uc790\ub294 \ubc95\ub960 \uc870\ud56d\uc5d0 \ub530\ub77c \ubd84\uc7c1\uc744 \ubca0\ud2b8\ub0a8\uc758 \uad00\ud560 \ubc95\uc6d0\uc5d0 \uc81c\uae30\ud560 \uad8c\ub9ac\uac00 \uc788\uc2b5\ub2c8\ub2e4.\t\t\t\t\t\t\t\t<\/div>\n\t\t\t\t<\/div>\n\t\t\t\t\t<\/div>\n\t\t<\/div>\n\t\t\t\t\t<\/div>\n\t\t<\/section>\n\t\t\t\t<\/div>\n\t\t","protected":false},"excerpt":{"rendered":"<p>\uc77c\ubc18 \uc870\ud56d \u0110i\u1ec1u Kho\u1ea3n Chung (\u201c\u0110KC\u201d) n\u00e0y \u00e1p d\u1ee5ng cho c\u00e1c Kh\u00e1ch v\u00e0 \u0110\u1ed1i T\u00e1c s\u1eed d\u1ee5ng ho\u1eb7c \u0111\u1eb7t d\u1ecbch<\/p>\n","protected":false},"author":1,"featured_media":0,"parent":0,"menu_order":0,"comment_status":"closed","ping_status":"closed","template":"","meta":{"_acf_changed":false,"_monsterinsights_skip_tracking":false,"_monsterinsights_sitenote_active":false,"_monsterinsights_sitenote_note":"","_monsterinsights_sitenote_category":0,"footnotes":""},"class_list":["post-6959","page","type-page","status-publish","hentry"],"acf":[],"_links":{"self":[{"href":"https:\/\/chilinhgolf.com\/ko\/wp-json\/wp\/v2\/pages\/6959","targetHints":{"allow":["GET"]}}],"collection":[{"href":"https:\/\/chilinhgolf.com\/ko\/wp-json\/wp\/v2\/pages"}],"about":[{"href":"https:\/\/chilinhgolf.com\/ko\/wp-json\/wp\/v2\/types\/page"}],"author":[{"embeddable":true,"href":"https:\/\/chilinhgolf.com\/ko\/wp-json\/wp\/v2\/users\/1"}],"replies":[{"embeddable":true,"href":"https:\/\/chilinhgolf.com\/ko\/wp-json\/wp\/v2\/comments?post=6959"}],"version-history":[{"count":0,"href":"https:\/\/chilinhgolf.com\/ko\/wp-json\/wp\/v2\/pages\/6959\/revisions"}],"wp:attachment":[{"href":"https:\/\/chilinhgolf.com\/ko\/wp-json\/wp\/v2\/media?parent=6959"}],"curies":[{"name":"wp","href":"https:\/\/api.w.org\/{rel}","templated":true}]}}